{"id":93,"date":"2022-04-25T02:32:38","date_gmt":"2022-04-25T02:32:38","guid":{"rendered":"http:\/\/mouranicriminologue.com\/?page_id=93"},"modified":"2024-10-17T14:56:23","modified_gmt":"2024-10-17T14:56:23","slug":"apropos","status":"publish","type":"page","link":"https:\/\/www.mouranicriminologie.com\/en\/apropos\/","title":{"rendered":"About"},"content":{"rendered":"<div class=\"wp-block-essential-blocks-wrapper alignfull  root-eb-wrapper-dqj4v\"><div class=\"eb-parent-wrapper eb-parent-eb-wrapper-dqj4v\"><div class=\"eb-wrapper-outer eb-wrapper-dqj4v\"><div class=\"eb-wrapper-inner\"><div class=\"eb-wrapper-inner-blocks eb-wrapper-align-center\">\n<div class=\"wp-block-essential-blocks-row alignfull  root-eb-row-7elzu\"><div class=\"eb-parent-wrapper eb-parent-eb-row-7elzu\"><div class=\"eb-row-root-container eb-row-7elzu\" data-id=\"eb-row-7elzu\"><div class=\"eb-row-wrapper\"><div class=\"eb-row-inner\">\n<div class=\"wp-block-essential-blocks-column  root-eb-column-of37r\"><div class=\"eb-parent-wrapper eb-parent-eb-column-of37r\"><div class=\"eb-column-wrapper eb-column-of37r\"><div class=\"eb-column-inner\">\n<div class=\"wp-block-essential-blocks-advanced-heading  root-eb-advance-heading-hgv21\"><div class=\"eb-parent-wrapper eb-parent-eb-advance-heading-hgv21 eb_animation eb___animated eb___fadeIn\"><div class=\"eb-advance-heading-wrapper eb-advance-heading-hgv21 button-1\" data-id=\"eb-advance-heading-hgv21\"><h2 class=\"eb-ah-title\">Our Mission<\/h2><\/div><\/div><\/div>\n\n\n\n<div class=\"wp-block-essential-blocks-advanced-heading  root-eb-advance-heading-0hdbc\"><div class=\"eb-parent-wrapper eb-parent-eb-advance-heading-0hdbc eb_animation eb___animated eb___fadeIn\"><div class=\"eb-advance-heading-wrapper eb-advance-heading-0hdbc button-1\" data-id=\"eb-advance-heading-0hdbc\"><p class=\"eb-ah-title\">Living in safety is a fundamental need to which every human being has the right.\nMourani-Criminologie&#039;s mission is to contribute to the construction of a safer society\nwhere everyone can develop and flourish without fear. Our actions are aimed at bringing\nabout significant changes in the lives of individuals and within communities.<\/p><\/div><\/div><\/div>\n<\/div><\/div><\/div><\/div>\n<\/div><\/div><\/div><\/div><\/div>\n<\/div><\/div><\/div><\/div><\/div>\n\n\n\n<div class=\"wp-block-essential-blocks-wrapper alignfull  root-eb-wrapper-rksly\"><div class=\"eb-parent-wrapper eb-parent-eb-wrapper-rksly\"><div class=\"eb-wrapper-outer eb-wrapper-rksly\"><div class=\"eb-wrapper-inner\"><div class=\"eb-wrapper-inner-blocks eb-wrapper-align-center\">\n<div class=\"wp-block-essential-blocks-row alignfull  root-eb-row-pt8wi\"><div class=\"eb-parent-wrapper eb-parent-eb-row-pt8wi\"><div class=\"eb-row-root-container eb-row-pt8wi\" data-id=\"eb-row-pt8wi\"><div class=\"eb-row-wrapper\"><div class=\"eb-row-inner\">\n<div class=\"wp-block-essential-blocks-column  root-eb-column-n4ozy\"><div class=\"eb-parent-wrapper eb-parent-eb-column-n4ozy\"><div class=\"eb-column-wrapper eb-column-n4ozy\"><div class=\"eb-column-inner\">\n<div class=\"wp-block-essential-blocks-advanced-heading  root-eb-advance-heading-a43vc\"><div class=\"eb-parent-wrapper eb-parent-eb-advance-heading-a43vc eb_animation eb___animated eb___fadeIn\"><div class=\"eb-advance-heading-wrapper eb-advance-heading-a43vc button-1\" data-id=\"eb-advance-heading-a43vc\"><h2 class=\"eb-ah-title\">Our Values<\/h2><\/div><\/div><\/div>\n\n\n\n<div class=\"wp-block-essential-blocks-advanced-heading  root-eb-advance-heading-3crdv\"><div class=\"eb-parent-wrapper eb-parent-eb-advance-heading-3crdv eb_animation eb___animated eb___fadeIn\"><div class=\"eb-advance-heading-wrapper eb-advance-heading-3crdv button-1\" data-id=\"eb-advance-heading-3crdv\"><p class=\"eb-ah-title\"><strong>Integrity:<\/strong> Prioritizing transparency, ethics, and responsibility in all our actions.<br><strong>Professionalism:<\/strong> Maintaining high standards of competence, diligence, and respect in\nall our activities.<br><strong>Empathy:<\/strong> Understanding and respecting the individual experiences and needs of the\npeople we accompany with compassion.<br><strong>Respect:<\/strong> Recognizing and valuing the dignity of everyone, fostering an inclusive\nenvironment.<br><strong>Confidentiality:<\/strong> Ensuring the protection and confidentiality of our clients&#039; personal\ninformation.<br><strong>Collaboration:<\/strong> Working in partnership with clients, communities, and professionals.<br><strong>Social Commitment:<\/strong> Actively contributing to the construction of a more equitable and\nsecure society.<\/p><\/div><\/div><\/div>\n<\/div><\/div><\/div><\/div>\n<\/div><\/div><\/div><\/div><\/div>\n<\/div><\/div><\/div><\/div><\/div>\n\n\n\n<div class=\"wp-block-essential-blocks-wrapper alignfull  root-eb-wrapper-ollz4pn\"><div class=\"eb-parent-wrapper eb-parent-eb-wrapper-ollz4pn\"><div class=\"eb-wrapper-outer eb-wrapper-ollz4pn\"><div class=\"eb-wrapper-inner\"><div class=\"eb-wrapper-inner-blocks eb-wrapper-align-center\">\n<div class=\"wp-block-essential-blocks-row alignfull  root-eb-row-jwhbn6t\"><div class=\"eb-parent-wrapper eb-parent-eb-row-jwhbn6t\"><div class=\"eb-row-root-container eb-row-jwhbn6t\" data-id=\"eb-row-jwhbn6t\"><div class=\"eb-row-wrapper\"><div class=\"eb-row-inner\">\n<div class=\"wp-block-essential-blocks-column  root-eb-column-fvkc2r6\"><div class=\"eb-parent-wrapper eb-parent-eb-column-fvkc2r6\"><div class=\"eb-column-wrapper eb-column-fvkc2r6\"><div class=\"eb-column-inner\">\n<div class=\"wp-block-essential-blocks-advanced-heading  root-eb-advance-heading-3ub1zv6\"><div class=\"eb-parent-wrapper eb-parent-eb-advance-heading-3ub1zv6 eb_animation eb___animated eb___fadeIn\"><div class=\"eb-advance-heading-wrapper eb-advance-heading-3ub1zv6 button-1\" data-id=\"eb-advance-heading-3ub1zv6\"><h2 class=\"eb-ah-title\">Our Approach<\/h2><\/div><\/div><\/div>\n\n\n\n<div class=\"wp-block-essential-blocks-advanced-heading  root-eb-advance-heading-lmnkaeq\"><div class=\"eb-parent-wrapper eb-parent-eb-advance-heading-lmnkaeq eb_animation eb___animated eb___fadeIn\"><div class=\"eb-advance-heading-wrapper eb-advance-heading-lmnkaeq button-1\" data-id=\"eb-advance-heading-lmnkaeq\"><p class=\"eb-ah-title\">Mourani-Criminologie favors a holistic and human approach to criminology. We provide\npersonalized and tailored support services where the safety and well-being of individuals take\nprecedence, respecting individual journeys. Furthermore, our interventions, assessments, and\nsolutions align with science and innovation.<\/p><\/div><\/div><\/div>\n<\/div><\/div><\/div><\/div>\n<\/div><\/div><\/div><\/div><\/div>\n<\/div><\/div><\/div><\/div><\/div>\n\n\n\n<div class=\"wp-block-essential-blocks-wrapper alignfull  root-eb-wrapper-zvoj7gc\"><div class=\"eb-parent-wrapper eb-parent-eb-wrapper-zvoj7gc\"><div class=\"eb-wrapper-outer eb-wrapper-zvoj7gc\"><div class=\"eb-wrapper-inner\"><div class=\"eb-wrapper-inner-blocks eb-wrapper-align-center\">\n<div class=\"wp-block-essential-blocks-row alignfull  root-eb-row-ootyexl\"><div class=\"eb-parent-wrapper eb-parent-eb-row-ootyexl\"><div class=\"eb-row-root-container eb-row-ootyexl\" data-id=\"eb-row-ootyexl\"><div class=\"eb-row-wrapper\"><div class=\"eb-row-inner\">\n<div class=\"wp-block-essential-blocks-column  root-eb-column-6torbvm\"><div class=\"eb-parent-wrapper eb-parent-eb-column-6torbvm\"><div class=\"eb-column-wrapper eb-column-6torbvm\"><div class=\"eb-column-inner\">\n<div class=\"wp-block-essential-blocks-advanced-image  root-eb-advanced-image-jj80uzi\"><div class=\"eb-parent-wrapper eb-parent-eb-advanced-image-jj80uzi eb_animation eb___animated eb___slideInLeft\"><figure class=\"eb-advanced-image-wrapper eb-advanced-image-jj80uzi img-style-square caption-style-1 caption-horizontal-center caption-vertical-bottom bottom no-effect\" data-id=\"eb-advanced-image-jj80uzi\"><div class=\"image-wrapper\"><img decoding=\"async\" src=\"https:\/\/www.mouranicriminologie.com\/wp-content\/uploads\/2023\/12\/Mourani.png\" alt=\"\"\/><\/div><\/figure><\/div><\/div>\n<\/div><\/div><\/div><\/div>\n\n\n\n<div class=\"wp-block-essential-blocks-column  root-eb-column-ghvxwxq\"><div class=\"eb-parent-wrapper eb-parent-eb-column-ghvxwxq\"><div class=\"eb-column-wrapper eb-column-ghvxwxq\"><div class=\"eb-column-inner\">\n<div class=\"wp-block-essential-blocks-advanced-heading  root-eb-advance-heading-iq9ydaf\"><div class=\"eb-parent-wrapper eb-parent-eb-advance-heading-iq9ydaf eb_animation eb___animated eb___slideInRight\"><div class=\"eb-advance-heading-wrapper eb-advance-heading-iq9ydaf button-1\" data-id=\"eb-advance-heading-iq9ydaf\"><h2 class=\"eb-ah-title\">Maria Mourani, criminologue, docteure en sociologie<\/h2><\/div><\/div><\/div>\n\n\n\n<div class=\"wp-block-essential-blocks-feature-list  root-eb-feature-list-i0bt2\"><div class=\"eb-parent-wrapper eb-parent-eb-feature-list-i0bt2 eb_animation eb___animated eb___slideInRight\"><div class=\"eb-feature-list-i0bt2 eb-feature-list-wrapper eb-icon-position-left eb-tablet-icon-position-left eb-mobile-icon-position-left eb-feature-list-left\"><ul class=\"eb-feature-list-items circle stacked\"><li class=\"eb-feature-list-item\" data-new-tab=\"true\" data-icon-type=\"none\" data-icon=\"\" data-link=\"https:\/\/ordrecrim.ca\/\"><div class=\"eb-feature-list-content-box\"><h3 class=\"eb-feature-list-title\"><a href=\"https:\/\/ordrecrim.ca\/\" target=\"_blank\" rel=\"noopener\">Member of the Ordre professionnel des criminologues du Qu\u00e9bec<\/a><\/h3><p class=\"eb-feature-list-content\"><\/p><\/div><\/li><\/ul><\/div><\/div><\/div>\n\n\n\n<div class=\"wp-block-essential-blocks-advanced-heading  root-eb-advance-heading-d7rec3m\"><div class=\"eb-parent-wrapper eb-parent-eb-advance-heading-d7rec3m eb_animation eb___animated eb___slideInRight\"><div class=\"eb-advance-heading-wrapper eb-advance-heading-d7rec3m button-1\" data-id=\"eb-advance-heading-d7rec3m\"><p class=\"eb-ah-title\">Dipl\u00f4m\u00e9e en criminologie clinique de l\u2019Universit\u00e9 de Montr\u00e9al, Maria Mourani est \u00e9galement titulaire d\u2019un doctorat en sociologie de l\u2019Universit\u00e9 d\u2019Ottawa. Reconnue pour son expertise sur les gangs de rue, le crime organis\u00e9, la traite des personnes et l\u2019exploitation sexuelle (mineur et adulte), elle a travaill\u00e9 aupr\u00e8s d\u2019organisations li\u00e9es \u00e0 la s\u00e9curit\u00e9 publique et pilot\u00e9 plusieurs dossiers de s\u00e9curit\u00e9 nationale au Parlement du Canada. Elle est la marraine de la loi C-452, loi modifiant le Code criminel afin de prot\u00e9ger les victimes d\u2019exploitation sexuelle.<br><br>Maria Mourani a travaill\u00e9 dans diff\u00e9rents milieux professionnels, notamment les Centres jeunesse, le Service correctionnel du Canada, la CSST, etc. Ce qui lui a permis d\u2019intervenir et d\u2019accompagner une client\u00e8le adulte et mineure, notamment des victimes et des auteurs de crime.<br><br>During her professional and academic career, she has conducted research on\ncriminal groups and since 2010, she has been interested in the involvement of\nyouth in jihadist groups. She is the author of several publications, including three\non street gangs and the Italian mafia in Montreal. Her book, Machine-Jihad. Du\nd\u00e9sir \u00e0 l&#039;engagement : 10 jeunes l\u00e8vent le voile, was launched in Quebec and\nEurope. Her latest book, Operation Scorpion. Les dessous de la plus grande\nenqu\u00eate sur la prostitution juv\u00e9nile au Qu\u00e9bec, was published in November\n2022.<br><br>After 10 years as the Member of Parliament for Ahuntsic, she was the\nRepresentative of the Government of Quebec at the Permanent Delegation of\nCanada to UNESCO in Paris and was responsible for the issues of radicalization and\nartificial intelligence.<\/p><\/div><\/div><\/div>\n\n\n\n<div class=\"wp-block-essential-blocks-button  root-eb-button-d8j8s\"><div class=\"eb-parent-wrapper eb-parent-eb-button-d8j8s eb_animation eb___animated eb___slideInRight\"><div class=\"eb-button-wrapper eb-button-alignment eb-button-d8j8s\"><div class=\"eb-button\"><a class=\"eb-button-anchor\" href=\"https:\/\/www.mouranicriminologie.com\/en\/nous-joindre\/\" rel=\"noopener\">Contact us<\/a><\/div><\/div><\/div><\/div>\n<\/div><\/div><\/div><\/div>\n<\/div><\/div><\/div><\/div><\/div>\n<\/div><\/div><\/div><\/div><\/div>","protected":false},"excerpt":{"rendered":"","protected":false},"author":1,"featured_media":0,"parent":0,"menu_order":0,"comment_status":"closed","ping_status":"closed","template":"","meta":{"_coblocks_attr":"","_coblocks_dimensions":"","_coblocks_responsive_height":"","_coblocks_accordion_ie_support":"","_eb_attr":"","_uag_custom_page_level_css":"","footnotes":""},"class_list":["post-93","page","type-page","status-publish","hentry"],"blocksy_meta":{"page_title_panel":"","has_hero_section":"disabled","78d1b569ac48ebf40663dc68fcee3088":"","hero_section":"type-1","hero_elements":[{"id":"custom_title","enabled":true,"heading_tag":"h1","title":"Home"},{"id":"custom_description","enabled":true,"description_visibility":{"desktop":true,"tablet":true,"mobile":false}},{"id":"custom_meta","enabled":false,"meta_elements":[{"id":"author","enabled":true,"label":"By","has_author_avatar":"yes","avatar_size":25},{"id":"post_date","enabled":true,"label":"On","date_format_source":"default","date_format":"M j, Y"},{"id":"updated_date","enabled":false,"label":"On","date_format_source":"default","date_format":"M j, Y"},{"id":"categories","enabled":false,"label":"In","style":"simple"},{"id":"comments","enabled":true}],"page_meta_elements":{"joined":true,"articles_count":true,"comments":true}},{"id":"breadcrumbs","enabled":false}],"37743b4badea53eb834cb0505a5751ce":"","hero_alignment1":"CT_CSS_SKIP_RULE","hero_margin":40,"hero_alignment2":"center","hero_vertical_alignment":"center","06954b941b614a8e7b1e9b1fdfd74297":"","hero_structure":"narrow","12927ad9b7798c625d49059a9c88e23e":"","page_title_bg_type":"featured_image","custom_hero_background":{"attachment_id":null},"page_title_image_size":"full","parallax":{"desktop":false,"tablet":false,"mobile":false},"21e272641c179fcc5144b018c2b11695":"","hero_height":"250px","pageTitleFont":{"family":"Default","variation":"Default","size":"30px","line-height":"CT_CSS_SKIP_RULE","letter-spacing":"CT_CSS_SKIP_RULE","text-transform":"CT_CSS_SKIP_RULE","text-decoration":"CT_CSS_SKIP_RULE"},"pageTitleFontColor":{"default":{"color":"CT_CSS_SKIP_RULEDEFAULT"}},"pageMetaFont":{"family":"Default","variation":"n6","size":"12px","line-height":"1.3","letter-spacing":"CT_CSS_SKIP_RULE","text-transform":"uppercase","text-decoration":"CT_CSS_SKIP_RULE"},"pageMetaFontColor":{"default":{"color":"CT_CSS_SKIP_RULEDEFAULT"},"hover":{"color":"CT_CSS_SKIP_RULEDEFAULT"}},"page_meta_button_type_font_colors":{"default":{"color":"CT_CSS_SKIP_RULEDEFAULT"},"hover":{"color":"CT_CSS_SKIP_RULEDEFAULT"}},"page_meta_button_type_background_colors":{"default":{"color":"CT_CSS_SKIP_RULEDEFAULT"},"hover":{"color":"CT_CSS_SKIP_RULEDEFAULT"}},"pageExcerptFont":{"family":"Default","variation":"Default","size":"CT_CSS_SKIP_RULE","line-height":"CT_CSS_SKIP_RULE","letter-spacing":"CT_CSS_SKIP_RULE","text-transform":"CT_CSS_SKIP_RULE","text-decoration":"CT_CSS_SKIP_RULE"},"pageExcerptColor":{"default":{"color":"CT_CSS_SKIP_RULEDEFAULT"}},"breadcrumbsFont":{"family":"Default","variation":"Default","size":"CT_CSS_SKIP_RULE","line-height":"CT_CSS_SKIP_RULE","letter-spacing":"CT_CSS_SKIP_RULE","text-transform":"CT_CSS_SKIP_RULE","text-decoration":"CT_CSS_SKIP_RULE"},"breadcrumbsFontColor":{"default":{"color":"CT_CSS_SKIP_RULEDEFAULT"},"initial":{"color":"CT_CSS_SKIP_RULEDEFAULT"},"hover":{"color":"CT_CSS_SKIP_RULEDEFAULT"}},"pageTitleOverlay":{"background_type":"color","background_pattern":"type-1","background_image":{"attachment_id":null,"x":0,"y":0},"gradient":"linear-gradient(135deg,rgba(6,147,227,1) 0%,rgb(155,81,224) 100%)","background_repeat":"repeat","background_size":"auto","background_attachment":"scroll","patternColor":{"default":{"color":"#e5e7ea"}},"overlayColor":{"default":{"color":"CT_CSS_SKIP_RULE"}},"backgroundColor":{"default":{"color":"CT_CSS_SKIP_RULE"}}},"pageTitleBackground":{"background_type":"color","background_pattern":"type-1","background_image":{"attachment_id":null,"x":0,"y":0},"gradient":"linear-gradient(135deg,rgba(6,147,227,1) 0%,rgb(155,81,224) 100%)","background_repeat":"repeat","background_size":"auto","background_attachment":"scroll","patternColor":{"default":{"color":"#e5e7ea"}},"overlayColor":{"default":{"color":"CT_CSS_SKIP_RULE"}},"backgroundColor":{"default":{"color":"var(--theme-palette-color-6)"}}},"pageTitlePadding":{"top":"50px","bottom":"50px","left":"auto","right":"auto","linked":true},"45e7d3766828f5bacffadcfd8b6a0a0c":"","page_structure_type":"default","714ebfa28fb0bcd4db81fad7e8fa198a":"","content_style_source":"inherit","content_style":"wide","vertical_spacing_source":"custom","content_area_spacing":"none","background":{"background_type":"color","background_pattern":"type-1","background_image":{"attachment_id":null,"x":0,"y":0},"gradient":"linear-gradient(135deg,rgba(6,147,227,1) 0%,rgb(155,81,224) 100%)","background_repeat":"repeat","background_size":"auto","background_attachment":"scroll","patternColor":{"default":{"color":"#e5e7ea"}},"overlayColor":{"default":{"color":"CT_CSS_SKIP_RULE"}},"backgroundColor":{"default":{"color":"CT_CSS_SKIP_RULE"}}},"content_background":{"background_type":"color","background_pattern":"type-1","background_image":{"attachment_id":null,"x":0,"y":0},"gradient":"linear-gradient(135deg,rgba(6,147,227,1) 0%,rgb(155,81,224) 100%)","background_repeat":"repeat","background_size":"auto","background_attachment":"scroll","patternColor":{"default":{"color":"#e5e7ea"}},"overlayColor":{"default":{"color":"CT_CSS_SKIP_RULE"}},"backgroundColor":{"default":{"color":"var(--theme-palette-color-8)"}}},"content_boxed_shadow":{"inherit":false,"blur":18,"spread":-6,"v_offset":12,"h_offset":0,"inset":false,"enable":true,"color":{"color":"rgba(34, 56, 101, 0.04)"}},"boxed_content_spacing":{"desktop":{"top":"40px","bottom":"40px","left":"40px","right":"40px","linked":true},"tablet":{"top":"35px","bottom":"35px","left":"35px","right":"35px","linked":true},"mobile":{"top":"20px","bottom":"20px","left":"20px","right":"20px","linked":true}},"content_boxed_radius":{"top":"3px","bottom":"3px","left":"3px","right":"3px","linked":true},"aa18c82977d95f66b27e16098ce4a33b":"","disable_featured_image":"no","disable_share_box":"no","disable_header":"no","disable_footer":"no","0aa59e2818cf1412c47060d004f11a7f":"","960b5e861f0f848148cbc1f4bcb1c681":"","2f1940f1474c522b580d52a3b3617e00":"","de4fc6e5ea3357b3a57ae6a8969f4f71":"","09c259e0e2b57ac6091ba6d7b15f1b30":"","9e5ca4942743c684b5af2b7bd71f4191":"","bedd66b996fb83a882729798ebc0c267":"","content_boxed_border":{"width":1,"style":"none","color":{"color":"rgba(44,62,80,0.2)"}},"af2d3393fc74fb4c0978fb25fda2e4fb":"","styles_descriptor":{"styles":{"desktop":"","tablet":"","mobile":""},"google_fonts":[],"version":6}},"uagb_featured_image_src":{"full":false,"thumbnail":false,"medium":false,"medium_large":false,"large":false,"1536x1536":false,"2048x2048":false,"trp-custom-language-flag":false},"uagb_author_info":{"display_name":"admin","author_link":"https:\/\/www.mouranicriminologie.com\/en\/author\/admin\/"},"uagb_comment_info":0,"uagb_excerpt":null,"_links":{"self":[{"href":"https:\/\/www.mouranicriminologie.com\/en\/wp-json\/wp\/v2\/pages\/93","targetHints":{"allow":["GET"]}}],"collection":[{"href":"https:\/\/www.mouranicriminologie.com\/en\/wp-json\/wp\/v2\/pages"}],"about":[{"href":"https:\/\/www.mouranicriminologie.com\/en\/wp-json\/wp\/v2\/types\/page"}],"author":[{"embeddable":true,"href":"https:\/\/www.mouranicriminologie.com\/en\/wp-json\/wp\/v2\/users\/1"}],"replies":[{"embeddable":true,"href":"https:\/\/www.mouranicriminologie.com\/en\/wp-json\/wp\/v2\/comments?post=93"}],"version-history":[{"count":55,"href":"https:\/\/www.mouranicriminologie.com\/en\/wp-json\/wp\/v2\/pages\/93\/revisions"}],"predecessor-version":[{"id":5534,"href":"https:\/\/www.mouranicriminologie.com\/en\/wp-json\/wp\/v2\/pages\/93\/revisions\/5534"}],"wp:attachment":[{"href":"https:\/\/www.mouranicriminologie.com\/en\/wp-json\/wp\/v2\/media?parent=93"}],"curies":[{"name":"wp","href":"https:\/\/api.w.org\/{rel}","templated":true}]}}