{"id":5894,"date":"2026-02-26T23:44:16","date_gmt":"2026-02-26T23:44:16","guid":{"rendered":"https:\/\/www.mouranicriminologie.com\/?page_id=5894"},"modified":"2026-02-26T23:47:14","modified_gmt":"2026-02-26T23:47:14","slug":"semaine-quebecoise-de-la-criminologie","status":"publish","type":"page","link":"https:\/\/www.mouranicriminologie.com\/en\/semaine-quebecoise-de-la-criminologie\/","title":{"rendered":"Semaine qu\u00e9b\u00e9coise de la criminologie"},"content":{"rendered":"\n<figure class=\"wp-block-embed is-type-video is-provider-youtube wp-block-embed-youtube wp-embed-aspect-16-9 wp-has-aspect-ratio\"><div class=\"wp-block-embed__wrapper\">\n<iframe title=\"\u00c9valuation pr\u00e9sentencielle et pr\u00e9d\u00e9cisionnelle [Mourani-Criminologie]\" width=\"1290\" height=\"726\" src=\"https:\/\/www.youtube.com\/embed\/4FSH9rFMzbk?feature=oembed\" frameborder=\"0\" allow=\"accelerometer; autoplay; clipboard-write; encrypted-media; gyroscope; picture-in-picture; web-share\" referrerpolicy=\"strict-origin-when-cross-origin\" allowfullscreen><\/iframe>\n<\/div><\/figure>\n\n\n\n<figure class=\"wp-block-embed is-type-video is-provider-youtube wp-block-embed-youtube wp-embed-aspect-16-9 wp-has-aspect-ratio\"><div class=\"wp-block-embed__wrapper\">\n<iframe title=\"Counseling th\u00e9rapeutique et coaching [Mourani-Criminologie]\" width=\"1290\" height=\"726\" src=\"https:\/\/www.youtube.com\/embed\/gHzFDFTZCME?feature=oembed\" frameborder=\"0\" allow=\"accelerometer; autoplay; clipboard-write; encrypted-media; gyroscope; picture-in-picture; web-share\" referrerpolicy=\"strict-origin-when-cross-origin\" allowfullscreen><\/iframe>\n<\/div><\/figure>\n","protected":false},"excerpt":{"rendered":"","protected":false},"author":1,"featured_media":0,"parent":0,"menu_order":0,"comment_status":"closed","ping_status":"closed","template":"","meta":{"_coblocks_attr":"","_coblocks_dimensions":"","_coblocks_responsive_height":"","_coblocks_accordion_ie_support":"","_eb_attr":"","_uag_custom_page_level_css":"","footnotes":""},"class_list":["post-5894","page","type-page","status-publish","hentry"],"blocksy_meta":[],"uagb_featured_image_src":{"full":false,"thumbnail":false,"medium":false,"medium_large":false,"large":false,"1536x1536":false,"2048x2048":false,"trp-custom-language-flag":false},"uagb_author_info":{"display_name":"admin","author_link":"https:\/\/www.mouranicriminologie.com\/en\/author\/admin\/"},"uagb_comment_info":0,"uagb_excerpt":null,"_links":{"self":[{"href":"https:\/\/www.mouranicriminologie.com\/en\/wp-json\/wp\/v2\/pages\/5894","targetHints":{"allow":["GET"]}}],"collection":[{"href":"https:\/\/www.mouranicriminologie.com\/en\/wp-json\/wp\/v2\/pages"}],"about":[{"href":"https:\/\/www.mouranicriminologie.com\/en\/wp-json\/wp\/v2\/types\/page"}],"author":[{"embeddable":true,"href":"https:\/\/www.mouranicriminologie.com\/en\/wp-json\/wp\/v2\/users\/1"}],"replies":[{"embeddable":true,"href":"https:\/\/www.mouranicriminologie.com\/en\/wp-json\/wp\/v2\/comments?post=5894"}],"version-history":[{"count":4,"href":"https:\/\/www.mouranicriminologie.com\/en\/wp-json\/wp\/v2\/pages\/5894\/revisions"}],"predecessor-version":[{"id":5901,"href":"https:\/\/www.mouranicriminologie.com\/en\/wp-json\/wp\/v2\/pages\/5894\/revisions\/5901"}],"wp:attachment":[{"href":"https:\/\/www.mouranicriminologie.com\/en\/wp-json\/wp\/v2\/media?parent=5894"}],"curies":[{"name":"wp","href":"https:\/\/api.w.org\/{rel}","templated":true}]}}