{"id":5264,"date":"2024-03-15T21:28:08","date_gmt":"2024-03-15T21:28:08","guid":{"rendered":"https:\/\/www.mouranicriminologie.com\/?page_id=5264"},"modified":"2024-05-30T14:55:26","modified_gmt":"2024-05-30T14:55:26","slug":"tu-vaux-mieux-que-ca-phase-ii","status":"publish","type":"page","link":"https:\/\/www.mouranicriminologie.com\/en\/tu-vaux-mieux-que-ca-phase-ii\/","title":{"rendered":"Tu vaux mieux que \u00e7a ! Phase II"},"content":{"rendered":"<div class=\"wp-block-essential-blocks-wrapper alignfull  root-eb-wrapper-e4fcl19\"><div class=\"eb-parent-wrapper eb-parent-eb-wrapper-e4fcl19\"><div class=\"eb-wrapper-outer eb-wrapper-e4fcl19\"><div class=\"eb-wrapper-inner\"><div class=\"eb-wrapper-inner-blocks eb-wrapper-align-center\"><\/div><\/div><\/div><\/div><\/div>\n\n\n\n<h5 class=\"wp-block-heading\">Primary prevention project on sexual exploitation of minors.<\/h5>\n\n\n\n<ul class=\"wp-block-list\">\n<li>Partners: La Sortie and  Secr\u00e9tariat de la condition f\u00e9minine.<\/li>\n\n\n\n<li>Target population: 13 to 24 years old.<\/li>\n\n\n\n<li>Territory: Quebec.<\/li>\n\n\n\n<li>Products: 4 prevention videos (EN &amp; FR), manga style.&nbsp;<\/li>\n\n\n\n<li>Platforms where awareness campaign was deployed: Meta (Facebook and Instagram), TikTok, Snapchat, YouTube.<\/li>\n\n\n\n<li>Campaign duration: June 1 to September 30, 2024<\/li>\n\n\n\n<li>Funding: This project was funded by the Government of Quebec\/Secr\u00e9tariat \u00e0 la condition f\u00e9minine.<\/li>\n\n\n\n<li class=\"link-campaign2\"><a href=\"https:\/\/mangaprev.com\/tu-vaux-mieux-que-ca-phase-ii\/\" target=\"_blank\" rel=\"noreferrer noopener\">Link to campaign<\/a><\/li>\n<\/ul>\n\n\n\n<script src=\"https:\/\/cdnjs.cloudflare.com\/ajax\/libs\/jquery\/3.3.1\/jquery.min.js\"><\/script>\n<script type=\"text\/javascript\">\n    $(document).ready(function() {\n    if (window.location.href.indexOf(\"\/en\/\") > -1) {\n  $(document).ready(function() {\n    if (window.location.href.indexOf(\"\/en\/\") > -1) {\n        const el = document.querySelector(\".eb-wrapper-e4fcl19\");\n        const el2 = document.querySelector(\"li.link-campaign2 a\");\n        if (el) {\n            el.style.backgroundImage = \"url('https:\/\/www.mouranicriminologie.com\/wp-content\/uploads\/2024\/05\/TVMQC-Baniere.jpg')\";\n        }\n        if (el2) {\n            el2.setAttribute(\"href\", \"https:\/\/mangaprev.com\/tu-vaux-mieux-que-ca-phase-ii-en\/\");\n        }\n    }\n  });\n\n    }\n  });\n\n<\/script>","protected":false},"excerpt":{"rendered":"<p>Primary prevention project on sexual exploitation of minors.<\/p>","protected":false},"author":1,"featured_media":0,"parent":0,"menu_order":0,"comment_status":"closed","ping_status":"closed","template":"","meta":{"_coblocks_attr":"","_coblocks_dimensions":"","_coblocks_responsive_height":"","_coblocks_accordion_ie_support":"","_eb_attr":"","_uag_custom_page_level_css":"","footnotes":""},"class_list":["post-5264","page","type-page","status-publish","hentry"],"blocksy_meta":{"has_hero_section":"disabled","styles_descriptor":{"styles":{"desktop":"","tablet":"","mobile":""},"google_fonts":[],"version":6},"vertical_spacing_source":"custom","content_area_spacing":"bottom"},"uagb_featured_image_src":{"full":false,"thumbnail":false,"medium":false,"medium_large":false,"large":false,"1536x1536":false,"2048x2048":false,"trp-custom-language-flag":false},"uagb_author_info":{"display_name":"admin","author_link":"https:\/\/www.mouranicriminologie.com\/en\/author\/admin\/"},"uagb_comment_info":0,"uagb_excerpt":"Projet de pr\u00e9vention primaire sur l\u2019exploitation sexuelle des mineurs","_links":{"self":[{"href":"https:\/\/www.mouranicriminologie.com\/en\/wp-json\/wp\/v2\/pages\/5264","targetHints":{"allow":["GET"]}}],"collection":[{"href":"https:\/\/www.mouranicriminologie.com\/en\/wp-json\/wp\/v2\/pages"}],"about":[{"href":"https:\/\/www.mouranicriminologie.com\/en\/wp-json\/wp\/v2\/types\/page"}],"author":[{"embeddable":true,"href":"https:\/\/www.mouranicriminologie.com\/en\/wp-json\/wp\/v2\/users\/1"}],"replies":[{"embeddable":true,"href":"https:\/\/www.mouranicriminologie.com\/en\/wp-json\/wp\/v2\/comments?post=5264"}],"version-history":[{"count":17,"href":"https:\/\/www.mouranicriminologie.com\/en\/wp-json\/wp\/v2\/pages\/5264\/revisions"}],"predecessor-version":[{"id":5392,"href":"https:\/\/www.mouranicriminologie.com\/en\/wp-json\/wp\/v2\/pages\/5264\/revisions\/5392"}],"wp:attachment":[{"href":"https:\/\/www.mouranicriminologie.com\/en\/wp-json\/wp\/v2\/media?parent=5264"}],"curies":[{"name":"wp","href":"https:\/\/api.w.org\/{rel}","templated":true}]}}