{"id":1681,"date":"2023-05-03T14:37:39","date_gmt":"2023-05-03T14:37:39","guid":{"rendered":"https:\/\/www.mouranicriminologie.com\/?page_id=1681"},"modified":"2024-03-15T21:46:38","modified_gmt":"2024-03-15T21:46:38","slug":"tu-vaux-mieux-que-ca","status":"publish","type":"page","link":"https:\/\/www.mouranicriminologie.com\/en\/tu-vaux-mieux-que-ca\/","title":{"rendered":"You're worth more than THAT !"},"content":{"rendered":"\n<div class=\"wp-block-essential-blocks-wrapper alignfull\"><div class=\"eb-parent-wrapper eb-parent-eb-wrapper-e4fcl19 \"><div class=\"eb-wrapper-outer eb-wrapper-e4fcl19\"><div class=\"eb-wrapper-inner\"><div class=\"eb-wrapper-inner-blocks eb-wrapper-align-center\">\n<div class=\"wp-block-essential-blocks-row alignfull freshgrains_banner\"><div class=\"eb-parent-wrapper eb-parent-eb-row-4gqr3fa \"><div class=\"eb-row-root-container eb-row-4gqr3fa\" data-id=\"eb-row-4gqr3fa\"><div class=\"eb-row-wrapper\"><div class=\"eb-row-inner\">\n<div class=\"eb-parent-wrapper eb-parent-eb-column-au07ufr  wp-block-essential-blocks-column\"><div class=\"eb-column-wrapper eb-column-au07ufr\"><div class=\"eb-column-inner\">\n<div class=\"wp-block-essential-blocks-wrapper\"><div class=\"eb-parent-wrapper eb-parent-eb-wrapper-12qtgq0 eb_animation eb___animated eb___fadeInLeft\"><div class=\"eb-wrapper-outer eb-wrapper-12qtgq0\"><div class=\"eb-wrapper-inner\"><div class=\"eb-wrapper-inner-blocks eb-wrapper-align-center\">\n<div class=\"wp-block-essential-blocks-advanced-image\"><div class=\"eb-parent-wrapper eb-parent-eb-advanced-image-01l038i \"><figure class=\"eb-advanced-image-wrapper eb-advanced-image-01l038i img-style-rounded caption-style-1 caption-horizontal-center caption-vertical-bottom bottom no-effect\" data-id=\"eb-advanced-image-01l038i\"><div class=\"image-wrapper\"><img decoding=\"async\" src=\"https:\/\/www.mouranicriminologie.com\/wp-content\/uploads\/2023\/06\/Tu-Vaux.-Catchline-1.png\" alt=\"\"\/><\/div><\/figure><\/div><\/div>\n<\/div><\/div><\/div><\/div><\/div>\n<\/div><\/div><\/div>\n\n\n\n<div class=\"eb-parent-wrapper eb-parent-eb-column-hdszwcf  wp-block-essential-blocks-column\"><div class=\"eb-column-wrapper eb-column-hdszwcf\"><div class=\"eb-column-inner\"><\/div><\/div><\/div>\n<\/div><\/div><\/div><\/div><\/div>\n<\/div><\/div><\/div><\/div><\/div>\n\n\n\n<h5 class=\"wp-block-heading has-text-align-left\">Projet de pr\u00e9vention primaire universelle sur l&rsquo;exploitation sexuelle des mineurs<\/h5>\n\n\n\n<ul class=\"wp-block-list\">\n<li>Partenaires: La Sortie et Justice Qu\u00e9bec.<\/li>\n\n\n\n<li>Population cibl\u00e9e: 13 \u00e0 24 ans. <\/li>\n\n\n\n<li>Territoire: Qu\u00e9bec. <\/li>\n\n\n\n<li>Lieu de d\u00e9ploiement de la campagne de sensibilisation: Meta (Facebook et Instagram), TikTok, Snapchat, YouTube. <\/li>\n\n\n\n<li>Dur\u00e9e de la campagne\u00a0: du 10 juillet au 7 ao\u00fbt 2023.<\/li>\n\n\n\n<li>Bilan de la campagne&nbsp;&nbsp;: plus de 2&nbsp;770&nbsp;000&nbsp;impressions (nombre de vues). Notre grande vedette est sans aucun doute la&nbsp;plate-forme TikTok&nbsp;avec&nbsp;1&nbsp;841&nbsp;704 impressions,&nbsp;dont&nbsp;40% aupr\u00e8s des 13 \u00e0 24 ans. Facebook&nbsp;a g\u00e9n\u00e9r\u00e9 beaucoup&nbsp;d&rsquo;interactions (23&nbsp;595)&nbsp;et obtenu les meilleurs r\u00e9sultats aupr\u00e8s du public cible avec 60% d\u2019atteinte pour le groupe d\u2019\u00e2ge des 13 \u00e0 24 ans. Snapchat a \u00e9t\u00e9 populaire aupr\u00e8s des&nbsp;Snapchatters f\u00e9minins avec une proportion de 62 % des impressions atteintes. Quant \u00e0 YouTube, il&nbsp;a obtenu le&nbsp;meilleur taux de visionnement&nbsp;des vid\u00e9os avec une&nbsp;moyenne g\u00e9n\u00e9rale de 38&nbsp;%. Nous estimons que 90% des donn\u00e9es analys\u00e9es provenant du Qu\u00e9bec.<\/li>\n\n\n\n<li class=\"link-campaign2\"><a href=\"https:\/\/www.mouranicriminologie.com\/campagne-tu-vaux-mieux-que-ca\/\" data-type=\"URL\" data-id=\"https:\/\/www.mouranicriminologie.com\/campagne-tu-vaux-mieux-que-ca\/\" target=\"_blank\" rel=\"noreferrer noopener\">Lien vers la campagne<\/a><\/li>\n<\/ul>\n\n\n\n<p>N&rsquo;h\u00e9sitez pas \u00e0 <a href=\"https:\/\/www.mouranicriminologie.com\/nous-joindre\/\" data-type=\"page\" data-id=\"130\">nous contacter<\/a> si vous souhaitez utiliser les capsules vid\u00e9o lors de vos ateliers de la pr\u00e9vention.<\/p>\n\n\n\n<div class=\"wp-block-essential-blocks-advanced-heading\"><div class=\"eb-parent-wrapper eb-parent-eb-advance-heading-67cwxwz \"><div class=\"eb-advance-heading-wrapper eb-advance-heading-67cwxwz preset-1\" data-id=\"eb-advance-heading-67cwxwz\"><h2 class=\"eb-ah-title\">M\u00e9dias<\/h2><div class=\"eb-ah-separator line\"><\/div><\/div><\/div><\/div>\n\n\n<div class=\"root-eb-post-carousel-3rk8r4a wp-block-essential-blocks-post-carousel\">\n    <div class=\"eb-parent-wrapper eb-parent-eb-post-carousel-3rk8r4a \">\n        <div class=\"eb-post-carousel-3rk8r4a style-4 arrow-none equal-height dot-style-4 eb-post-carousel-wrapper\"\n            data-id=\"eb-post-carousel-3rk8r4a\"\n            data-querydata=\"a:13:{s:6:&quot;source&quot;;s:4:&quot;post&quot;;s:11:&quot;sourceIndex&quot;;i:0;s:9:&quot;rest_base&quot;;s:5:&quot;posts&quot;;s:14:&quot;rest_namespace&quot;;s:5:&quot;wp\/v2&quot;;s:6:&quot;author&quot;;s:0:&quot;&quot;;s:10:&quot;taxonomies&quot;;a:1:{s:8:&quot;category&quot;;a:5:{s:4:&quot;name&quot;;s:10:&quot;Categories&quot;;s:9:&quot;rest_base&quot;;s:10:&quot;categories&quot;;s:14:&quot;rest_namespace&quot;;s:5:&quot;wp\/v2&quot;;s:4:&quot;slug&quot;;s:8:&quot;category&quot;;s:5:&quot;value&quot;;s:48:&quot;[{&quot;value&quot;:10,&quot;label&quot;:&quot;Tu vaux mieux que \u00e7a !&quot;}]&quot;;}}s:8:&quot;per_page&quot;;s:1:&quot;6&quot;;s:6:&quot;offset&quot;;s:1:&quot;0&quot;;s:7:&quot;orderby&quot;;s:4:&quot;date&quot;;s:5:&quot;order&quot;;s:4:&quot;desc&quot;;s:7:&quot;include&quot;;s:0:&quot;&quot;;s:7:&quot;exclude&quot;;s:0:&quot;&quot;;s:15:&quot;exclude_current&quot;;b:0;}\"\n            data-slidersettings=\"{&quot;arrows&quot;:false,&quot;dots&quot;:true,&quot;autoplaySpeed&quot;:3000,&quot;speed&quot;:500,&quot;adaptiveHeight&quot;:true,&quot;autoplay&quot;:true,&quot;infinite&quot;:true,&quot;pauseOnHover&quot;:true,&quot;slideToShowRange&quot;:3,&quot;leftArrowIcon&quot;:&quot;fas fa-caret-left&quot;,&quot;rightArrowIcon&quot;:&quot;fas fa-caret-right&quot;,&quot;addIcon&quot;:false,&quot;showFallbackImg&quot;:false,&quot;fallbackImgUrl&quot;:&quot;&quot;,&quot;isRTLEnable&quot;:false,&quot;TABslideToShowRange&quot;:2,&quot;MOBslideToShowRange&quot;:1}\"\n            data-attributes=\"{&quot;preset&quot;:&quot;style-4&quot;,&quot;showThumbnail&quot;:true,&quot;showTitle&quot;:true,&quot;titleLength&quot;:&quot;10&quot;,&quot;titleTag&quot;:&quot;h2&quot;,&quot;showContent&quot;:false,&quot;contentLength&quot;:20,&quot;expansionIndicator&quot;:&quot;...&quot;,&quot;showReadMore&quot;:false,&quot;readmoreText&quot;:&quot;Read More&quot;,&quot;showMeta&quot;:false,&quot;headerMeta&quot;:&quot;[{\\&quot;value\\&quot;:\\&quot;avatar\\&quot;,\\&quot;label\\&quot;:\\&quot;Author Avatar\\&quot;}]&quot;,&quot;footerMeta&quot;:&quot;[{\\&quot;value\\&quot;:\\&quot;date\\&quot;,\\&quot;label\\&quot;:\\&quot;Published Date\\&quot;}]&quot;,&quot;authorPrefix&quot;:&quot;by&quot;,&quot;datePrefix&quot;:&quot;on&quot;,&quot;showBlockContent&quot;:true,&quot;showFeaturedPost&quot;:false,&quot;featuredPostId&quot;:&quot;&quot;,&quot;showFeaturedPostTitle&quot;:true,&quot;showFeaturedPostContent&quot;:false,&quot;showFeaturedPostMeta&quot;:true,&quot;showFeaturedHeaderMeta&quot;:true,&quot;showFeaturedFooterMeta&quot;:true,&quot;featuredMetaItems&quot;:&quot;{}&quot;,&quot;featuredExcerptLength&quot;:10,&quot;leftArrowIcon&quot;:&quot;fas fa-caret-left&quot;,&quot;rightArrowIcon&quot;:&quot;fas fa-caret-right&quot;,&quot;showFallbackImg&quot;:false,&quot;isRTLEnable&quot;:false}\">\n\n            <div class=\"eb-post-carousel init-eb-post-carousel-3rk8r4a\"\n                data-id=\"eb-post-carousel-3rk8r4a\">\n                <article class=\"ebpg-carousel-post ebpg-post-carousel-column\" data-id=\"3988\"><div class=\"ebpg-carousel-post-holder\"><a class=\"ebpg-post-link-wrapper eb-sr-only\" href=\"https:\/\/www.mouranicriminologie.com\/en\/2023\/07\/13\/cessons-de-financer-ces-organismes-qui-maintiennent-des-mineurs-dans-la-prostitution\/\">Cessons de financer ces organismes qui maintiennent des mineurs dans la prostitution!<\/a><div class=\"ebpg-entry-media\">\n                <div class=\"ebpg-entry-thumbnail\">\n                    \n                    <img decoding=\"async\" width=\"918\" height=\"916\" src=\"https:\/\/www.mouranicriminologie.com\/wp-content\/uploads\/2023\/07\/Screenshot-2023-07-12-215341.png\" class=\"attachment-full size-full\" alt=\"\" \/>\n                <\/div>\n            <\/div><div class=\"ebpg-entry-wrapper\"><header class=\"ebpg-entry-header\">\n            <h2 class=\"ebpg-entry-title\">\n                <a class=\"ebpg-carousel-post-link\" href=\"https:\/\/www.mouranicriminologie.com\/en\/2023\/07\/13\/cessons-de-financer-ces-organismes-qui-maintiennent-des-mineurs-dans-la-prostitution\/\" title=\"cessonsdefinancercesorganismesquimaintiennentdesmineursdans\">Cessons de financer ces organismes qui maintiennent des mineurs dans<\/a>\n            <\/h2>\n        <\/header><\/div><\/div><\/article><article class=\"ebpg-carousel-post ebpg-post-carousel-column\" data-id=\"3976\"><div class=\"ebpg-carousel-post-holder\"><a class=\"ebpg-post-link-wrapper eb-sr-only\" href=\"https:\/\/www.mouranicriminologie.com\/en\/2023\/07\/12\/sensibiliser-les-jeunes-face-a-lexploitation-sexuelle-tu-vaux-mieux-que-ca\/\">Sensibiliser les jeunes face \u00e0 l&rsquo;exploitation sexuelle: \u00abtu vaux mieux que \u00e7a\u00bb<\/a><div class=\"ebpg-entry-media\">\n                <div class=\"ebpg-entry-thumbnail\">\n                    \n                    <img decoding=\"async\" width=\"1170\" height=\"612\" src=\"https:\/\/www.mouranicriminologie.com\/wp-content\/uploads\/2023\/07\/Screenshot-2023-07-11-203101.png\" class=\"attachment-full size-full\" alt=\"\" \/>\n                <\/div>\n            <\/div><div class=\"ebpg-entry-wrapper\"><header class=\"ebpg-entry-header\">\n            <h2 class=\"ebpg-entry-title\">\n                <a class=\"ebpg-carousel-post-link\" href=\"https:\/\/www.mouranicriminologie.com\/en\/2023\/07\/12\/sensibiliser-les-jeunes-face-a-lexploitation-sexuelle-tu-vaux-mieux-que-ca\/\" title=\"sensibiliserlesjeunesfacelexploitationsexuelle:tuvauxmieux\">Sensibiliser les jeunes face \u00e0 l&rsquo;exploitation sexuelle: \u00abtu vaux mieux<\/a>\n            <\/h2>\n        <\/header><\/div><\/div><\/article><article class=\"ebpg-carousel-post ebpg-post-carousel-column\" data-id=\"3960\"><div class=\"ebpg-carousel-post-holder\"><a class=\"ebpg-post-link-wrapper eb-sr-only\" href=\"https:\/\/www.mouranicriminologie.com\/en\/2023\/07\/11\/tuvauxmieuxqueca-sensibiliser-a-lexploitation-sexuelle-a-laide-des-reseaux-sociaux\/\">#TuVauxMieuxQue\u00c7a : sensibiliser \u00e0 l\u2019exploitation sexuelle \u00e0 l\u2019aide des r\u00e9seaux sociaux<\/a><div class=\"ebpg-entry-media\">\n                <div class=\"ebpg-entry-thumbnail\">\n                    \n                    <img decoding=\"async\" width=\"329\" height=\"333\" src=\"https:\/\/www.mouranicriminologie.com\/wp-content\/uploads\/2023\/07\/Screenshot-2023-07-11-161944.png\" class=\"attachment-full size-full\" alt=\"\" \/>\n                <\/div>\n            <\/div><div class=\"ebpg-entry-wrapper\"><header class=\"ebpg-entry-header\">\n            <h2 class=\"ebpg-entry-title\">\n                <a class=\"ebpg-carousel-post-link\" href=\"https:\/\/www.mouranicriminologie.com\/en\/2023\/07\/11\/tuvauxmieuxqueca-sensibiliser-a-lexploitation-sexuelle-a-laide-des-reseaux-sociaux\/\" title=\"tuvauxmieuxquea:sensibiliserlexploitationsexuellelaidedesrseaux\">#TuVauxMieuxQue\u00c7a : sensibiliser \u00e0 l\u2019exploitation sexuelle \u00e0 l\u2019aide des r\u00e9seaux<\/a>\n            <\/h2>\n        <\/header><\/div><\/div><\/article>            <\/div>\n        <\/div>\n    <\/div>\n<\/div>\n\n\n<script src=\"https:\/\/cdnjs.cloudflare.com\/ajax\/libs\/jquery\/3.3.1\/jquery.min.js\"><\/script>\n<script type=\"text\/javascript\">\n    $(document).ready(function() {\n    if (window.location.href.indexOf(\"\/en\/\") > -1) {\n  $(document).ready(function() {\n    if (window.location.href.indexOf(\"\/en\/\") > -1) {\n        const el = document.querySelector(\"div.image-wrapper img\");\n        const el2 = document.querySelector(\"li.link-campaign2 a\");\n        if (el) {\n            el.setAttribute(\"src\", \"https:\/\/www.mouranicriminologie.com\/wp-content\/uploads\/2023\/06\/Catchline-eng-1.png\");\n        }\n        if (el2) {\n            el2.setAttribute(\"href\", \"https:\/\/www.mouranicriminologie.com\/youre-worth-more-than-that\/\");\n        }\n    }\n  });\n\n    }\n  });\n\n<\/script>\n","protected":false},"excerpt":{"rendered":"<p>Projet de pr\u00e9vention primaire universelle sur l&rsquo;exploitation sexuelle des mineurs N&rsquo;h\u00e9sitez pas \u00e0 nous contacter si vous souhaitez utiliser les capsules vid\u00e9o lors de vos ateliers de la pr\u00e9vention.<\/p>","protected":false},"author":1,"featured_media":0,"parent":0,"menu_order":0,"comment_status":"closed","ping_status":"closed","template":"","meta":{"_coblocks_attr":"","_coblocks_dimensions":"","_coblocks_responsive_height":"","_coblocks_accordion_ie_support":"","_eb_attr":"","_uag_custom_page_level_css":"","footnotes":""},"class_list":["post-1681","page","type-page","status-publish","hentry"],"blocksy_meta":{"has_hero_section":"disabled","vertical_spacing_source":"custom","content_area_spacing":"bottom"},"uagb_featured_image_src":{"full":false,"thumbnail":false,"medium":false,"medium_large":false,"large":false,"1536x1536":false,"2048x2048":false,"trp-custom-language-flag":false},"uagb_author_info":{"display_name":"admin","author_link":"https:\/\/www.mouranicriminologie.com\/en\/author\/admin\/"},"uagb_comment_info":0,"uagb_excerpt":"Projet de pr\u00e9vention primaire universelle sur l&rsquo;exploitation sexuelle des mineurs N&rsquo;h\u00e9sitez pas \u00e0 nous contacter si vous souhaitez utiliser les capsules vid\u00e9o lors de vos ateliers de la pr\u00e9vention.","_links":{"self":[{"href":"https:\/\/www.mouranicriminologie.com\/en\/wp-json\/wp\/v2\/pages\/1681","targetHints":{"allow":["GET"]}}],"collection":[{"href":"https:\/\/www.mouranicriminologie.com\/en\/wp-json\/wp\/v2\/pages"}],"about":[{"href":"https:\/\/www.mouranicriminologie.com\/en\/wp-json\/wp\/v2\/types\/page"}],"author":[{"embeddable":true,"href":"https:\/\/www.mouranicriminologie.com\/en\/wp-json\/wp\/v2\/users\/1"}],"replies":[{"embeddable":true,"href":"https:\/\/www.mouranicriminologie.com\/en\/wp-json\/wp\/v2\/comments?post=1681"}],"version-history":[{"count":35,"href":"https:\/\/www.mouranicriminologie.com\/en\/wp-json\/wp\/v2\/pages\/1681\/revisions"}],"predecessor-version":[{"id":5272,"href":"https:\/\/www.mouranicriminologie.com\/en\/wp-json\/wp\/v2\/pages\/1681\/revisions\/5272"}],"wp:attachment":[{"href":"https:\/\/www.mouranicriminologie.com\/en\/wp-json\/wp\/v2\/media?parent=1681"}],"curies":[{"name":"wp","href":"https:\/\/api.w.org\/{rel}","templated":true}]}}